{"id":6957,"date":"2025-08-05T17:54:48","date_gmt":"2025-08-05T17:54:48","guid":{"rendered":"https:\/\/tarzz.com.tr\/product\/kadin-retro-cicek-desenli-tisort\/"},"modified":"2025-08-05T17:58:29","modified_gmt":"2025-08-05T17:58:29","slug":"kadin-retro-cicek-desenli-tisort","status":"publish","type":"product","link":"https:\/\/tarzz.com.tr\/en\/product\/kadin-retro-cicek-desenli-tisort\/","title":{"rendered":"Kad\u0131n Retro \u00c7i\u00e7ek Desenli Ti\u015f\u00f6rt"},"content":{"rendered":"<h3 data-start=\"85\" data-end=\"191\"><strong data-start=\"89\" data-end=\"191\">Kad\u0131n Geni\u015f Kesim Gri Ti\u015f\u00f6rt \u2013 K\u0131sa Kollu, Yuvarlak Yaka, Retro \u00c7i\u00e7ek Desenli, G\u00fcnl\u00fck Sokak Modas\u0131<\/strong><\/h3>\n<h4 data-start=\"193\" data-end=\"212\"><strong data-start=\"198\" data-end=\"212\">\u00d6zellikler<\/strong><\/h4>\n<ul data-start=\"213\" data-end=\"538\">\n<li data-start=\"213\" data-end=\"288\">\n<p data-start=\"215\" data-end=\"288\">Cilt dostu ve yumu\u015fak kuma\u015f, p\u00fcr\u00fczs\u00fcz bir his ve d\u00fc\u015f\u00fck s\u00fcrt\u00fcnme sa\u011flar.<\/p>\n<\/li>\n<li data-start=\"289\" data-end=\"371\">\n<p data-start=\"291\" data-end=\"371\">Ultra yumu\u015fak yap\u0131s\u0131 sayesinde v\u00fccudu s\u0131kmadan rahat ve \u015f\u0131k bir g\u00f6r\u00fcn\u00fcm sunar.<\/p>\n<\/li>\n<li data-start=\"372\" data-end=\"446\">\n<p data-start=\"374\" data-end=\"446\">Evde, g\u00fcnl\u00fck kullan\u0131mda ya da partilerde rahatl\u0131kla tercih edilebilir.<\/p>\n<\/li>\n<li data-start=\"447\" data-end=\"538\">\n<p data-start=\"449\" data-end=\"538\">So\u011fuk suyla elde veya makinede y\u0131kay\u0131n\u0131z \/ \u00c7ama\u015f\u0131r suyu kullanmay\u0131n\u0131z \/ Asarak kurutunuz.<\/p>\n<\/li>\n<\/ul>\n<h4 data-start=\"540\" data-end=\"561\"><strong data-start=\"545\" data-end=\"561\">\u00dcr\u00fcn Bilgisi<\/strong><\/h4>\n<ul data-start=\"562\" data-end=\"731\">\n<li data-start=\"562\" data-end=\"582\">\n<p data-start=\"564\" data-end=\"582\"><strong data-start=\"564\" data-end=\"573\">Stil:<\/strong> G\u00fcnl\u00fck<\/p>\n<\/li>\n<li data-start=\"583\" data-end=\"609\">\n<p data-start=\"585\" data-end=\"609\"><strong data-start=\"585\" data-end=\"595\">Desen:<\/strong> \u00c7i\u00e7ek bask\u0131<\/p>\n<\/li>\n<li data-start=\"610\" data-end=\"633\">\n<p data-start=\"612\" data-end=\"633\"><strong data-start=\"612\" data-end=\"625\">Cinsiyet:<\/strong> Kad\u0131n<\/p>\n<\/li>\n<li data-start=\"634\" data-end=\"675\">\n<p data-start=\"636\" data-end=\"675\"><strong data-start=\"636\" data-end=\"647\">Mevsim:<\/strong> \u0130lkbahar \/ Sonbahar \/ Yaz<\/p>\n<\/li>\n<li data-start=\"676\" data-end=\"703\">\n<p data-start=\"678\" data-end=\"703\"><strong data-start=\"678\" data-end=\"691\">Materyal:<\/strong> Polyester<\/p>\n<\/li>\n<li data-start=\"704\" data-end=\"731\">\n<p data-start=\"706\" data-end=\"731\"><strong data-start=\"706\" data-end=\"719\">Bedenler:<\/strong> S, M, L, XL<\/p>\n<\/li>\n<\/ul>\n<h4 data-start=\"733\" data-end=\"755\"><strong data-start=\"738\" data-end=\"755\">Paket \u0130\u00e7eri\u011fi<\/strong><\/h4>\n<ul data-start=\"756\" data-end=\"777\">\n<li data-start=\"756\" data-end=\"777\">\n<p data-start=\"758\" data-end=\"777\">1 adet \u00fcst (ti\u015f\u00f6rt)<\/p>\n<\/li>\n<\/ul>\n<h4 data-start=\"779\" data-end=\"804\"><strong data-start=\"784\" data-end=\"804\">Dostane Uyar\u0131lar<\/strong><\/h4>\n<ul data-start=\"805\" data-end=\"983\">\n<li data-start=\"805\" data-end=\"915\">\n<p data-start=\"807\" data-end=\"915\">Hava ko\u015fullar\u0131 veya do\u011fal afetler nedeniyle kargoda gecikme ya\u015fanabilir. Anlay\u0131\u015f\u0131n\u0131z i\u00e7in te\u015fekk\u00fcr ederiz.<\/p>\n<\/li>\n<li data-start=\"916\" data-end=\"983\">\n<p data-start=\"918\" data-end=\"983\">I\u015f\u0131k ve ekran ayarlar\u0131ndan kaynakl\u0131 k\u00fc\u00e7\u00fck renk farklar\u0131 olabilir.<\/p>\n<\/li>\n<\/ul>\n<h4 data-start=\"985\" data-end=\"1001\"><strong data-start=\"990\" data-end=\"1001\">Garanti<\/strong><\/h4>\n<ul data-start=\"1002\" data-end=\"1149\">\n<li data-start=\"1002\" data-end=\"1149\">\n<p data-start=\"1004\" data-end=\"1149\">\u00dcr\u00fcnde herhangi bir kalite sorunu ya\u015farsan\u0131z bizimle ileti\u015fime ge\u00e7mekten \u00e7ekinmeyin. Sorununuzu en k\u0131sa s\u00fcrede \u00e7\u00f6zece\u011fimizden emin olabilirsiniz.<\/p>\n<\/li>\n<\/ul>\n<p><img decoding=\"async\" src=\"https:\/\/ae03.alicdn.com\/kf\/Sec748107a5884d5c81c84b14c9bdcbd9b.jpg\" alt=\"\" \/><\/p>\n<p><img decoding=\"async\" src=\"https:\/\/ae03.alicdn.com\/kf\/Sc8bdb41983f146149cdf434189ea35312.jpg\" alt=\"\" \/><\/p>\n<p><img decoding=\"async\" src=\"https:\/\/ae03.alicdn.com\/kf\/Sc4e0d94d34be48ec93f2f31d15942510n.jpg\" alt=\"\" \/><\/p>\n<p><img decoding=\"async\" src=\"https:\/\/ae03.alicdn.com\/kf\/S86420b01c8134c96a3144a8d481958e9o.jpg\" alt=\"\" \/><\/p>\n<p><img decoding=\"async\" src=\"https:\/\/ae03.alicdn.com\/kf\/S70f9b35f7ba6489c9e1540dd8f3b59d4W.jpg\" alt=\"\" \/><\/p>\n<p><img decoding=\"async\" src=\"https:\/\/ae03.alicdn.com\/kf\/Sdf5c1cabc078419fb5c1839e3f06a128D.jpg\" alt=\"\" \/><\/p>\n<p><img decoding=\"async\" src=\"https:\/\/ae03.alicdn.com\/kf\/S3114c395115a41769260973400241adfC.jpg\" alt=\"\" \/><\/p>\n<p><img decoding=\"async\" src=\"https:\/\/ae03.alicdn.com\/kf\/Sc97f3ac9a3c1473a819794a6047415d8k.jpg\" alt=\"\" \/><\/p>\n<p><img decoding=\"async\" src=\"https:\/\/ae03.alicdn.com\/kf\/S2905a283781a4737bec02bdc07559b38U.jpg\" alt=\"\" \/><\/p>\n<p><img decoding=\"async\" src=\"https:\/\/ae03.alicdn.com\/kf\/Sa796e72861a54c119a3528af115387ba4.jpg\" alt=\"\" \/><\/p>","protected":false},"excerpt":{"rendered":"<p>Kad\u0131n Geni\u015f Kesim Gri Ti\u015f\u00f6rt \u2013 K\u0131sa Kollu, Yuvarlak Yaka, Retro \u00c7i\u00e7ek Desenli, G\u00fcnl\u00fck Sokak Modas\u0131 \u00d6zellikler Cilt dostu ve yumu\u015fak kuma\u015f, p\u00fcr\u00fczs\u00fcz bir his ve d\u00fc\u015f\u00fck s\u00fcrt\u00fcnme sa\u011flar. Ultra yumu\u015fak yap\u0131s\u0131 sayesinde v\u00fccudu s\u0131kmadan rahat ve \u015f\u0131k bir g\u00f6r\u00fcn\u00fcm sunar. Evde, g\u00fcnl\u00fck kullan\u0131mda ya da partilerde rahatl\u0131kla tercih edilebilir. So\u011fuk suyla elde veya makinede y\u0131kay\u0131n\u0131z \/ \u00c7ama\u015f\u0131r suyu kullanmay\u0131n\u0131z\u2026<\/p>","protected":false},"featured_media":6958,"comment_status":"open","ping_status":"closed","template":"","meta":[],"product_brand":[],"product_cat":[223,99],"product_tag":[],"class_list":{"0":"post-6957","1":"product","2":"type-product","3":"status-publish","4":"has-post-thumbnail","6":"product_cat-gunluk-kadin","7":"product_cat-kadin","9":"first","10":"instock","11":"taxable","12":"shipping-taxable","13":"purchasable","14":"product-type-variable"},"_links":{"self":[{"href":"https:\/\/tarzz.com.tr\/en\/wp-json\/wp\/v2\/product\/6957","targetHints":{"allow":["GET"]}}],"collection":[{"href":"https:\/\/tarzz.com.tr\/en\/wp-json\/wp\/v2\/product"}],"about":[{"href":"https:\/\/tarzz.com.tr\/en\/wp-json\/wp\/v2\/types\/product"}],"replies":[{"embeddable":true,"href":"https:\/\/tarzz.com.tr\/en\/wp-json\/wp\/v2\/comments?post=6957"}],"wp:featuredmedia":[{"embeddable":true,"href":"https:\/\/tarzz.com.tr\/en\/wp-json\/wp\/v2\/media\/6958"}],"wp:attachment":[{"href":"https:\/\/tarzz.com.tr\/en\/wp-json\/wp\/v2\/media?parent=6957"}],"wp:term":[{"taxonomy":"product_brand","embeddable":true,"href":"https:\/\/tarzz.com.tr\/en\/wp-json\/wp\/v2\/product_brand?post=6957"},{"taxonomy":"product_cat","embeddable":true,"href":"https:\/\/tarzz.com.tr\/en\/wp-json\/wp\/v2\/product_cat?post=6957"},{"taxonomy":"product_tag","embeddable":true,"href":"https:\/\/tarzz.com.tr\/en\/wp-json\/wp\/v2\/product_tag?post=6957"}],"curies":[{"name":"wp","href":"https:\/\/api.w.org\/{rel}","templated":true}]}}