{"id":6607,"date":"2025-08-01T20:01:45","date_gmt":"2025-08-01T20:01:45","guid":{"rendered":"https:\/\/tarzz.com.tr\/?post_type=product&#038;p=6607"},"modified":"2025-08-01T20:01:47","modified_gmt":"2025-08-01T20:01:47","slug":"sample-product-kupe","status":"publish","type":"product","link":"https:\/\/tarzz.com.tr\/en\/product\/sample-product-kupe\/","title":{"rendered":"Sample Product &#8211; K\u00fcpe"},"content":{"rendered":"<p>Bu K\u00fcpe kategorisi i\u00e7in \u00f6rnek \u00fcr\u00fcn a\u00e7\u0131klamas\u0131d\u0131r.<\/p>","protected":false},"excerpt":{"rendered":"<p>K\u0131sa a\u00e7\u0131klama &#8211; K\u00fcpe<\/p>","protected":false},"featured_media":0,"comment_status":"open","ping_status":"closed","template":"","meta":[],"product_brand":[],"product_cat":[247],"product_tag":[],"class_list":{"0":"post-6607","1":"product","2":"type-product","3":"status-publish","5":"product_cat-kupe-taki-saat","7":"first","8":"instock","9":"sale","10":"taxable","11":"shipping-taxable","12":"purchasable","13":"product-type-simple"},"_links":{"self":[{"href":"https:\/\/tarzz.com.tr\/en\/wp-json\/wp\/v2\/product\/6607","targetHints":{"allow":["GET"]}}],"collection":[{"href":"https:\/\/tarzz.com.tr\/en\/wp-json\/wp\/v2\/product"}],"about":[{"href":"https:\/\/tarzz.com.tr\/en\/wp-json\/wp\/v2\/types\/product"}],"replies":[{"embeddable":true,"href":"https:\/\/tarzz.com.tr\/en\/wp-json\/wp\/v2\/comments?post=6607"}],"wp:attachment":[{"href":"https:\/\/tarzz.com.tr\/en\/wp-json\/wp\/v2\/media?parent=6607"}],"wp:term":[{"taxonomy":"product_brand","embeddable":true,"href":"https:\/\/tarzz.com.tr\/en\/wp-json\/wp\/v2\/product_brand?post=6607"},{"taxonomy":"product_cat","embeddable":true,"href":"https:\/\/tarzz.com.tr\/en\/wp-json\/wp\/v2\/product_cat?post=6607"},{"taxonomy":"product_tag","embeddable":true,"href":"https:\/\/tarzz.com.tr\/en\/wp-json\/wp\/v2\/product_tag?post=6607"}],"curies":[{"name":"wp","href":"https:\/\/api.w.org\/{rel}","templated":true}]}}