{"id":6552,"date":"2025-08-01T20:01:40","date_gmt":"2025-08-01T20:01:40","guid":{"rendered":"https:\/\/tarzz.com.tr\/?post_type=product&#038;p=6552"},"modified":"2025-08-01T20:01:42","modified_gmt":"2025-08-01T20:01:42","slug":"sample-product-sweatshirt-mont","status":"publish","type":"product","link":"https:\/\/tarzz.com.tr\/en\/product\/sample-product-sweatshirt-mont\/","title":{"rendered":"Sample Product &#8211; Sweatshirt &#038; Mont"},"content":{"rendered":"<p>Bu Sweatshirt &#038; Mont kategorisi i\u00e7in \u00f6rnek \u00fcr\u00fcn a\u00e7\u0131klamas\u0131d\u0131r.<\/p>","protected":false},"excerpt":{"rendered":"<p>K\u0131sa a\u00e7\u0131klama &#8211; Sweatshirt &#038; Mont<\/p>","protected":false},"featured_media":0,"comment_status":"open","ping_status":"closed","template":"","meta":[],"product_brand":[],"product_cat":[218],"product_tag":[],"class_list":{"0":"post-6552","1":"product","2":"type-product","3":"status-publish","5":"product_cat-sweatshirt-mont-erkek-cocuk-3-12-yas","7":"first","8":"instock","9":"sale","10":"taxable","11":"shipping-taxable","12":"purchasable","13":"product-type-simple"},"_links":{"self":[{"href":"https:\/\/tarzz.com.tr\/en\/wp-json\/wp\/v2\/product\/6552","targetHints":{"allow":["GET"]}}],"collection":[{"href":"https:\/\/tarzz.com.tr\/en\/wp-json\/wp\/v2\/product"}],"about":[{"href":"https:\/\/tarzz.com.tr\/en\/wp-json\/wp\/v2\/types\/product"}],"replies":[{"embeddable":true,"href":"https:\/\/tarzz.com.tr\/en\/wp-json\/wp\/v2\/comments?post=6552"}],"wp:attachment":[{"href":"https:\/\/tarzz.com.tr\/en\/wp-json\/wp\/v2\/media?parent=6552"}],"wp:term":[{"taxonomy":"product_brand","embeddable":true,"href":"https:\/\/tarzz.com.tr\/en\/wp-json\/wp\/v2\/product_brand?post=6552"},{"taxonomy":"product_cat","embeddable":true,"href":"https:\/\/tarzz.com.tr\/en\/wp-json\/wp\/v2\/product_cat?post=6552"},{"taxonomy":"product_tag","embeddable":true,"href":"https:\/\/tarzz.com.tr\/en\/wp-json\/wp\/v2\/product_tag?post=6552"}],"curies":[{"name":"wp","href":"https:\/\/api.w.org\/{rel}","templated":true}]}}